{"id":9,"date":"2023-07-31T15:20:37","date_gmt":"2023-07-31T15:20:37","guid":{"rendered":"https:\/\/amazing-brahmagupta.109-109-132-5.plesk.page\/?page_id=9"},"modified":"2025-10-30T10:58:48","modified_gmt":"2025-10-30T10:58:48","slug":"startsida","status":"publish","type":"page","link":"https:\/\/www.betygochintyg.se\/","title":{"rendered":"v\u00e5r s\u00e4rskilda avde &hellip;"},"content":{"rendered":"\n<h2 class=\"wp-block-heading\"><strong>Auktoriserade\/certifierade \u00f6vers\u00e4ttningar<\/strong><\/h2>\n\n\n\n<p>Vi \u00e4r en \u00f6vers\u00e4ttningsbyr\u00e5 som specialiserar oss p\u00e5 att leverera&nbsp;<strong>auktoriserade<\/strong>&nbsp;\u00f6vers\u00e4ttningar fr\u00e5n svenska till engelska av svenska officiella dokument, s\u00e5som betyg, intyg, diplom, anst\u00e4llningsbevis, personbevis, adoptionshandlingar etc. V\u00e5rt m\u00e5l \u00e4r att alltid ge kunden en \u00f6vers\u00e4ttning av h\u00f6gsta kvalitet s\u00e5 fort som m\u00f6jligt. OBS! Vi \u00f6vers\u00e4tter fr\u00e5n svenska till engelska, inga andra spr\u00e5kriktningar.<\/p>\n\n\n\n<hr class=\"wp-block-separator has-alpha-channel-opacity\"\/>\n\n\n\n<p><strong>Offertf\u00f6rfr\u00e5gan<\/strong>:<\/p>\n\n\n\n<ul class=\"wp-block-list\">\n<li><strong><a href=\"https:\/\/www.betygochintyg.se\/index.php\/kontakta-betyg-och-intyg-oversattningar-juridik-finans-forsakring-industri-teknik-telekom-fastighet-bygg-allmanna-texterkontakta-betyg-och-intyg-oversattningar\/\">Juridik\/finans\/f\u00f6rs\u00e4kring\/industri\/teknik\/telekom\/fastighet\/bygg &amp; allm\u00e4nna texter<\/a><\/strong><br><\/li>\n\n\n\n<li><strong><a href=\"https:\/\/www.betygochintyg.se\/index.php\/kontakta-betyg-och-intyg-oversattningar-betyg-intyg-adoptioner-familj-stamplade-certifieradekontakta-betyg-och-intyg-oversattningar\/\">Betyg\/intyg\/adoptioner\/familj (st\u00e4mplade\/certifierade)<\/a><\/strong><\/li>\n<\/ul>\n\n\n\n<div class=\"wp-block-columns is-layout-flex wp-container-core-columns-is-layout-9d6595d7 wp-block-columns-is-layout-flex\">\n<div class=\"wp-block-column is-layout-flow wp-block-column-is-layout-flow\"><div class=\"wp-block-image\">\n<figure class=\"aligncenter size-full\"><img loading=\"lazy\" decoding=\"async\" width=\"160\" height=\"240\" src=\"https:\/\/www.betygochintyg.se\/wp-content\/uploads\/2023\/07\/bild1.jpg\" alt=\"\" class=\"wp-image-10\"\/><\/figure>\n<\/div>\n\n\n<p class=\"has-text-align-center\"><strong>ADOPTERA BARN?<br>VI HJ\u00c4LPER DIG MED \u00d6VERS\u00c4TTNING<br>AV DOKUMENT<\/strong><\/p>\n<\/div>\n\n\n\n<div class=\"wp-block-column is-layout-flow wp-block-column-is-layout-flow\"><div class=\"wp-block-image\">\n<figure class=\"aligncenter size-full\"><img loading=\"lazy\" decoding=\"async\" width=\"160\" height=\"240\" src=\"https:\/\/www.betygochintyg.se\/wp-content\/uploads\/2023\/07\/bild2.jpg\" alt=\"\" class=\"wp-image-11\"\/><\/figure>\n<\/div>\n\n\n<p class=\"has-text-align-center\"><strong>STUDIER UTOMLANDS?<br>VI \u00d6VERS\u00c4TTER<br>DINA SVENSKA<br>BETYG &amp; INTYG<\/strong><\/p>\n<\/div>\n\n\n\n<div class=\"wp-block-column is-layout-flow wp-block-column-is-layout-flow\"><div class=\"wp-block-image\">\n<figure class=\"aligncenter size-full\"><img loading=\"lazy\" decoding=\"async\" width=\"160\" height=\"238\" src=\"https:\/\/www.betygochintyg.se\/wp-content\/uploads\/2023\/07\/bild3.jpg\" alt=\"\" class=\"wp-image-12\"\/><\/figure>\n<\/div>\n\n\n<p class=\"has-text-align-center\"><strong>JOBBA UTOMLANDS?<br>VI \u00d6VERS\u00c4TTER ERA<br>SVENSKA HANDLINGAR<\/strong><\/p>\n<\/div>\n\n\n\n<div class=\"wp-block-column is-layout-flow wp-block-column-is-layout-flow\"><div class=\"wp-block-image\">\n<figure class=\"aligncenter size-full\"><img loading=\"lazy\" decoding=\"async\" width=\"160\" height=\"240\" src=\"https:\/\/www.betygochintyg.se\/wp-content\/uploads\/2023\/07\/bild4.jpg\" alt=\"\" class=\"wp-image-13\"\/><\/figure>\n<\/div>\n\n\n<p class=\"has-text-align-center\"><strong>KONTAKTA OSS G\u00c4RNA F\u00d6R OFFERT OCH MER INFORMATION<\/strong><\/p>\n<\/div>\n<\/div>\n\n\n\n<p><\/p>\n","protected":false},"excerpt":{"rendered":"<p>Auktoriserade\/certifierade \u00f6vers\u00e4ttningar Vi \u00e4r en \u00f6vers\u00e4ttningsbyr\u00e5 som specialiserar oss p\u00e5 att leverera&nbsp;auktoriserade&nbsp;\u00f6vers\u00e4ttningar fr\u00e5n svenska till engelska av svenska officiella dokument, s\u00e5som betyg, intyg, diplom, anst\u00e4llningsbevis, personbevis, adoptionshandlingar etc. V\u00e5rt m\u00e5l \u00e4r att alltid ge kunden en \u00f6vers\u00e4ttning av h\u00f6gsta kvalitet s\u00e5 fort som m\u00f6jligt. OBS! Vi \u00f6vers\u00e4tter fr\u00e5n svenska till engelska, inga andra spr\u00e5kriktningar. Offertf\u00f6rfr\u00e5gan: [&hellip;]<\/p>\n","protected":false},"author":1,"featured_media":0,"parent":0,"menu_order":0,"comment_status":"closed","ping_status":"closed","template":"","meta":{"footnotes":""},"class_list":["post-9","page","type-page","status-publish","hentry"],"yoast_head":"<!-- This site is optimized with the Yoast SEO plugin v23.5 - https:\/\/yoast.com\/wordpress\/plugins\/seo\/ -->\n<title>v\u00e5r s\u00e4rskilda avdelning f\u00f6r betyg &amp; intyg erfaren och kunnig personal - Auktoriserade \u00f6vers\u00e4ttningar<\/title>\n<meta name=\"robots\" content=\"index, follow, max-snippet:-1, max-image-preview:large, max-video-preview:-1\" \/>\n<link rel=\"canonical\" href=\"https:\/\/www.betygochintyg.se\/\" \/>\n<meta property=\"og:locale\" content=\"sv_SE\" \/>\n<meta property=\"og:type\" content=\"article\" \/>\n<meta property=\"og:title\" content=\"v\u00e5r s\u00e4rskilda avdelning f\u00f6r betyg &amp; intyg erfaren och kunnig personal - Auktoriserade \u00f6vers\u00e4ttningar\" \/>\n<meta property=\"og:description\" content=\"Auktoriserade\/certifierade \u00f6vers\u00e4ttningar Vi \u00e4r en \u00f6vers\u00e4ttningsbyr\u00e5 som specialiserar oss p\u00e5 att leverera&nbsp;auktoriserade&nbsp;\u00f6vers\u00e4ttningar fr\u00e5n svenska till engelska av svenska officiella dokument, s\u00e5som betyg, intyg, diplom, anst\u00e4llningsbevis, personbevis, adoptionshandlingar etc. V\u00e5rt m\u00e5l \u00e4r att alltid ge kunden en \u00f6vers\u00e4ttning av h\u00f6gsta kvalitet s\u00e5 fort som m\u00f6jligt. OBS! Vi \u00f6vers\u00e4tter fr\u00e5n svenska till engelska, inga andra spr\u00e5kriktningar. Offertf\u00f6rfr\u00e5gan: [&hellip;]\" \/>\n<meta property=\"og:url\" content=\"https:\/\/www.betygochintyg.se\/\" \/>\n<meta property=\"og:site_name\" content=\"Auktoriserade \u00f6vers\u00e4ttningar\" \/>\n<meta property=\"article:modified_time\" content=\"2025-10-30T10:58:48+00:00\" \/>\n<meta property=\"og:image\" content=\"https:\/\/www.betygochintyg.se\/wp-content\/uploads\/2023\/07\/bild1.jpg\" \/>\n<meta name=\"twitter:card\" content=\"summary_large_image\" \/>\n<meta name=\"twitter:label1\" content=\"Ber\u00e4knad l\u00e4stid\" \/>\n\t<meta name=\"twitter:data1\" content=\"2 minuter\" \/>\n<script type=\"application\/ld+json\" class=\"yoast-schema-graph\">{\"@context\":\"https:\/\/schema.org\",\"@graph\":[{\"@type\":\"WebPage\",\"@id\":\"https:\/\/www.betygochintyg.se\/\",\"url\":\"https:\/\/www.betygochintyg.se\/\",\"name\":\"v\u00e5r s\u00e4rskilda avdelning f\u00f6r betyg & intyg erfaren och kunnig personal - Auktoriserade \u00f6vers\u00e4ttningar\",\"isPartOf\":{\"@id\":\"https:\/\/www.betygochintyg.se\/#website\"},\"primaryImageOfPage\":{\"@id\":\"https:\/\/www.betygochintyg.se\/#primaryimage\"},\"image\":{\"@id\":\"https:\/\/www.betygochintyg.se\/#primaryimage\"},\"thumbnailUrl\":\"https:\/\/www.betygochintyg.se\/wp-content\/uploads\/2023\/07\/bild1.jpg\",\"datePublished\":\"2023-07-31T15:20:37+00:00\",\"dateModified\":\"2025-10-30T10:58:48+00:00\",\"breadcrumb\":{\"@id\":\"https:\/\/www.betygochintyg.se\/#breadcrumb\"},\"inLanguage\":\"sv-SE\",\"potentialAction\":[{\"@type\":\"ReadAction\",\"target\":[\"https:\/\/www.betygochintyg.se\/\"]}]},{\"@type\":\"ImageObject\",\"inLanguage\":\"sv-SE\",\"@id\":\"https:\/\/www.betygochintyg.se\/#primaryimage\",\"url\":\"https:\/\/www.betygochintyg.se\/wp-content\/uploads\/2023\/07\/bild1.jpg\",\"contentUrl\":\"https:\/\/www.betygochintyg.se\/wp-content\/uploads\/2023\/07\/bild1.jpg\",\"width\":160,\"height\":240},{\"@type\":\"BreadcrumbList\",\"@id\":\"https:\/\/www.betygochintyg.se\/#breadcrumb\",\"itemListElement\":[{\"@type\":\"ListItem\",\"position\":1,\"name\":\"Hem\",\"item\":\"https:\/\/www.betygochintyg.se\/\"},{\"@type\":\"ListItem\",\"position\":2,\"name\":\"v\u00e5r s\u00e4rskilda avde &hellip;\"}]},{\"@type\":\"WebSite\",\"@id\":\"https:\/\/www.betygochintyg.se\/#website\",\"url\":\"https:\/\/www.betygochintyg.se\/\",\"name\":\"Auktoriserade \u00f6vers\u00e4ttningar\",\"description\":\"\",\"publisher\":{\"@id\":\"https:\/\/www.betygochintyg.se\/#organization\"},\"potentialAction\":[{\"@type\":\"SearchAction\",\"target\":{\"@type\":\"EntryPoint\",\"urlTemplate\":\"https:\/\/www.betygochintyg.se\/?s={search_term_string}\"},\"query-input\":{\"@type\":\"PropertyValueSpecification\",\"valueRequired\":true,\"valueName\":\"search_term_string\"}}],\"inLanguage\":\"sv-SE\"},{\"@type\":\"Organization\",\"@id\":\"https:\/\/www.betygochintyg.se\/#organization\",\"name\":\"Auktoriserade \u00f6vers\u00e4ttningar\",\"url\":\"https:\/\/www.betygochintyg.se\/\",\"logo\":{\"@type\":\"ImageObject\",\"inLanguage\":\"sv-SE\",\"@id\":\"https:\/\/www.betygochintyg.se\/#\/schema\/logo\/image\/\",\"url\":\"https:\/\/www.betygochintyg.se\/wp-content\/uploads\/2023\/07\/left.gif\",\"contentUrl\":\"https:\/\/www.betygochintyg.se\/wp-content\/uploads\/2023\/07\/left.gif\",\"width\":125,\"height\":169,\"caption\":\"Auktoriserade \u00f6vers\u00e4ttningar\"},\"image\":{\"@id\":\"https:\/\/www.betygochintyg.se\/#\/schema\/logo\/image\/\"}}]}<\/script>\n<!-- \/ Yoast SEO plugin. -->","yoast_head_json":{"title":"v\u00e5r s\u00e4rskilda avdelning f\u00f6r betyg & intyg erfaren och kunnig personal - Auktoriserade \u00f6vers\u00e4ttningar","robots":{"index":"index","follow":"follow","max-snippet":"max-snippet:-1","max-image-preview":"max-image-preview:large","max-video-preview":"max-video-preview:-1"},"canonical":"https:\/\/www.betygochintyg.se\/","og_locale":"sv_SE","og_type":"article","og_title":"v\u00e5r s\u00e4rskilda avdelning f\u00f6r betyg & intyg erfaren och kunnig personal - Auktoriserade \u00f6vers\u00e4ttningar","og_description":"Auktoriserade\/certifierade \u00f6vers\u00e4ttningar Vi \u00e4r en \u00f6vers\u00e4ttningsbyr\u00e5 som specialiserar oss p\u00e5 att leverera&nbsp;auktoriserade&nbsp;\u00f6vers\u00e4ttningar fr\u00e5n svenska till engelska av svenska officiella dokument, s\u00e5som betyg, intyg, diplom, anst\u00e4llningsbevis, personbevis, adoptionshandlingar etc. V\u00e5rt m\u00e5l \u00e4r att alltid ge kunden en \u00f6vers\u00e4ttning av h\u00f6gsta kvalitet s\u00e5 fort som m\u00f6jligt. OBS! Vi \u00f6vers\u00e4tter fr\u00e5n svenska till engelska, inga andra spr\u00e5kriktningar. Offertf\u00f6rfr\u00e5gan: [&hellip;]","og_url":"https:\/\/www.betygochintyg.se\/","og_site_name":"Auktoriserade \u00f6vers\u00e4ttningar","article_modified_time":"2025-10-30T10:58:48+00:00","og_image":[{"url":"https:\/\/www.betygochintyg.se\/wp-content\/uploads\/2023\/07\/bild1.jpg"}],"twitter_card":"summary_large_image","twitter_misc":{"Ber\u00e4knad l\u00e4stid":"2 minuter"},"schema":{"@context":"https:\/\/schema.org","@graph":[{"@type":"WebPage","@id":"https:\/\/www.betygochintyg.se\/","url":"https:\/\/www.betygochintyg.se\/","name":"v\u00e5r s\u00e4rskilda avdelning f\u00f6r betyg & intyg erfaren och kunnig personal - Auktoriserade \u00f6vers\u00e4ttningar","isPartOf":{"@id":"https:\/\/www.betygochintyg.se\/#website"},"primaryImageOfPage":{"@id":"https:\/\/www.betygochintyg.se\/#primaryimage"},"image":{"@id":"https:\/\/www.betygochintyg.se\/#primaryimage"},"thumbnailUrl":"https:\/\/www.betygochintyg.se\/wp-content\/uploads\/2023\/07\/bild1.jpg","datePublished":"2023-07-31T15:20:37+00:00","dateModified":"2025-10-30T10:58:48+00:00","breadcrumb":{"@id":"https:\/\/www.betygochintyg.se\/#breadcrumb"},"inLanguage":"sv-SE","potentialAction":[{"@type":"ReadAction","target":["https:\/\/www.betygochintyg.se\/"]}]},{"@type":"ImageObject","inLanguage":"sv-SE","@id":"https:\/\/www.betygochintyg.se\/#primaryimage","url":"https:\/\/www.betygochintyg.se\/wp-content\/uploads\/2023\/07\/bild1.jpg","contentUrl":"https:\/\/www.betygochintyg.se\/wp-content\/uploads\/2023\/07\/bild1.jpg","width":160,"height":240},{"@type":"BreadcrumbList","@id":"https:\/\/www.betygochintyg.se\/#breadcrumb","itemListElement":[{"@type":"ListItem","position":1,"name":"Hem","item":"https:\/\/www.betygochintyg.se\/"},{"@type":"ListItem","position":2,"name":"v\u00e5r s\u00e4rskilda avde &hellip;"}]},{"@type":"WebSite","@id":"https:\/\/www.betygochintyg.se\/#website","url":"https:\/\/www.betygochintyg.se\/","name":"Auktoriserade \u00f6vers\u00e4ttningar","description":"","publisher":{"@id":"https:\/\/www.betygochintyg.se\/#organization"},"potentialAction":[{"@type":"SearchAction","target":{"@type":"EntryPoint","urlTemplate":"https:\/\/www.betygochintyg.se\/?s={search_term_string}"},"query-input":{"@type":"PropertyValueSpecification","valueRequired":true,"valueName":"search_term_string"}}],"inLanguage":"sv-SE"},{"@type":"Organization","@id":"https:\/\/www.betygochintyg.se\/#organization","name":"Auktoriserade \u00f6vers\u00e4ttningar","url":"https:\/\/www.betygochintyg.se\/","logo":{"@type":"ImageObject","inLanguage":"sv-SE","@id":"https:\/\/www.betygochintyg.se\/#\/schema\/logo\/image\/","url":"https:\/\/www.betygochintyg.se\/wp-content\/uploads\/2023\/07\/left.gif","contentUrl":"https:\/\/www.betygochintyg.se\/wp-content\/uploads\/2023\/07\/left.gif","width":125,"height":169,"caption":"Auktoriserade \u00f6vers\u00e4ttningar"},"image":{"@id":"https:\/\/www.betygochintyg.se\/#\/schema\/logo\/image\/"}}]}},"_links":{"self":[{"href":"https:\/\/www.betygochintyg.se\/index.php\/wp-json\/wp\/v2\/pages\/9","targetHints":{"allow":["GET"]}}],"collection":[{"href":"https:\/\/www.betygochintyg.se\/index.php\/wp-json\/wp\/v2\/pages"}],"about":[{"href":"https:\/\/www.betygochintyg.se\/index.php\/wp-json\/wp\/v2\/types\/page"}],"author":[{"embeddable":true,"href":"https:\/\/www.betygochintyg.se\/index.php\/wp-json\/wp\/v2\/users\/1"}],"replies":[{"embeddable":true,"href":"https:\/\/www.betygochintyg.se\/index.php\/wp-json\/wp\/v2\/comments?post=9"}],"version-history":[{"count":9,"href":"https:\/\/www.betygochintyg.se\/index.php\/wp-json\/wp\/v2\/pages\/9\/revisions"}],"predecessor-version":[{"id":173,"href":"https:\/\/www.betygochintyg.se\/index.php\/wp-json\/wp\/v2\/pages\/9\/revisions\/173"}],"wp:attachment":[{"href":"https:\/\/www.betygochintyg.se\/index.php\/wp-json\/wp\/v2\/media?parent=9"}],"curies":[{"name":"wp","href":"https:\/\/api.w.org\/{rel}","templated":true}]}}