{"id":73,"date":"2023-08-08T13:37:09","date_gmt":"2023-08-08T13:37:09","guid":{"rendered":"https:\/\/amazing-brahmagupta.109-109-132-5.plesk.page\/?page_id=73"},"modified":"2023-09-14T12:20:58","modified_gmt":"2023-09-14T12:20:58","slug":"juridiska-finansiella-allmanna-texter","status":"publish","type":"page","link":"https:\/\/www.betygochintyg.se\/index.php\/juridiska-finansiella-allmanna-texter\/","title":{"rendered":"Juridiska\/Finansiell &hellip;"},"content":{"rendered":"\n<p>V\u00e5ra \u00f6vers\u00e4ttningstj\u00e4nster:<\/p>\n\n\n\n<ul class=\"wp-block-list\">\n<li><\/li>\n<\/ul>\n\n\n\n<ul class=\"wp-block-list\">\n<li><a href=\"https:\/\/www.betygochintyg.se\/index.php\/offertforfragan\/\">Betyg &amp; Intyg (st\u00e4mplade)<\/a><\/li>\n\n\n\n<li><a href=\"https:\/\/www.betygochintyg.se\/index.php\/adoptioner-familjerattsliga-dokument\/\">Adoptioner\/Familjer\u00e4ttsliga dokument<\/a><\/li>\n\n\n\n<li><a href=\"https:\/\/www.betygochintyg.se\/index.php\/juridiska-finansiella-allmanna-texter\/\">Juridiska\/Finansiella\/Allm\u00e4nna texter<\/a><\/li>\n<\/ul>\n\n\n\n<p><strong>\u00d6vers\u00e4ttning av juridiska\/finansiella\/allm\u00e4nna texter<\/strong><\/p>\n\n\n\n<div class=\"wp-block-columns is-layout-flex wp-container-core-columns-is-layout-9d6595d7 wp-block-columns-is-layout-flex\">\n<div class=\"wp-block-column is-layout-flow wp-block-column-is-layout-flow\">\n<figure class=\"wp-block-image size-full\"><img loading=\"lazy\" decoding=\"async\" width=\"300\" height=\"343\" src=\"https:\/\/www.betygochintyg.se\/wp-content\/uploads\/2023\/08\/ELTlogo2-f.CMYK_.jpg\" alt=\"\" class=\"wp-image-45\" srcset=\"https:\/\/www.betygochintyg.se\/wp-content\/uploads\/2023\/08\/ELTlogo2-f.CMYK_.jpg 300w, https:\/\/www.betygochintyg.se\/wp-content\/uploads\/2023\/08\/ELTlogo2-f.CMYK_-262x300.jpg 262w\" sizes=\"auto, (max-width: 300px) 100vw, 300px\" \/><\/figure>\n<\/div>\n\n\n\n<div class=\"wp-block-column is-layout-flow wp-block-column-is-layout-flow\">\n<p>Beh\u00f6ver du hj\u00e4lp med att \u00f6vers\u00e4tta andra slags texter fr\u00e5n svenska till engelska \u00e4r du v\u00e4lkommen att kontakta v\u00e5r firma English Law Translations &#8211; ELT, som \u00e4r specialiserad p\u00e5 juridiska och finansiella texter.<\/p>\n\n\n\n<p>Bes\u00f6k ELT p\u00e5&nbsp;<a href=\"http:\/\/www.elt.se\/\" target=\"_blank\" rel=\"noreferrer noopener\">www.elt.se<\/a><\/p>\n<\/div>\n\n\n\n<div class=\"wp-block-column is-layout-flow wp-block-column-is-layout-flow\">\n<figure class=\"wp-block-image size-full\"><img loading=\"lazy\" decoding=\"async\" width=\"180\" height=\"240\" src=\"https:\/\/www.betygochintyg.se\/wp-content\/uploads\/2023\/08\/finance.gif\" alt=\"\" class=\"wp-image-74\"\/><\/figure>\n<\/div>\n<\/div>\n\n\n\n<p><strong>Offertf\u00f6rfr\u00e5gan<\/strong>:<\/p>\n\n\n\n<ul class=\"wp-block-list\">\n<li><strong><a href=\"https:\/\/www.betygochintyg.se\/index.php\/kontakta-betyg-och-intyg-oversattningar-juridik-finans-forsakring-industri-teknik-telekom-fastighet-bygg-allmanna-texterkontakta-betyg-och-intyg-oversattningar\/\">Juridik\/finans\/f\u00f6rs\u00e4kring\/industri\/teknik\/telekom\/fastighet\/bygg &amp; allm\u00e4nna texter<\/a><\/strong><\/li>\n<\/ul>\n","protected":false},"excerpt":{"rendered":"<p>V\u00e5ra \u00f6vers\u00e4ttningstj\u00e4nster: \u00d6vers\u00e4ttning av juridiska\/finansiella\/allm\u00e4nna texter Beh\u00f6ver du hj\u00e4lp med att \u00f6vers\u00e4tta andra slags texter fr\u00e5n svenska till engelska \u00e4r du v\u00e4lkommen att kontakta v\u00e5r firma English Law Translations &#8211; ELT, som \u00e4r specialiserad p\u00e5 juridiska och finansiella texter. Bes\u00f6k ELT p\u00e5&nbsp;www.elt.se Offertf\u00f6rfr\u00e5gan:<\/p>\n","protected":false},"author":1,"featured_media":0,"parent":0,"menu_order":0,"comment_status":"closed","ping_status":"closed","template":"","meta":{"footnotes":""},"class_list":["post-73","page","type-page","status-publish","hentry"],"yoast_head":"<!-- This site is optimized with the Yoast SEO plugin v23.5 - https:\/\/yoast.com\/wordpress\/plugins\/seo\/ -->\n<title>Juridiska\/Finansiella\/Allm\u00e4nna texter - Auktoriserade \u00f6vers\u00e4ttningar<\/title>\n<meta name=\"robots\" content=\"index, follow, max-snippet:-1, max-image-preview:large, max-video-preview:-1\" \/>\n<link rel=\"canonical\" href=\"https:\/\/www.betygochintyg.se\/index.php\/juridiska-finansiella-allmanna-texter\/\" \/>\n<meta property=\"og:locale\" content=\"sv_SE\" \/>\n<meta property=\"og:type\" content=\"article\" \/>\n<meta property=\"og:title\" content=\"Juridiska\/Finansiella\/Allm\u00e4nna texter - Auktoriserade \u00f6vers\u00e4ttningar\" \/>\n<meta property=\"og:description\" content=\"V\u00e5ra \u00f6vers\u00e4ttningstj\u00e4nster: \u00d6vers\u00e4ttning av juridiska\/finansiella\/allm\u00e4nna texter Beh\u00f6ver du hj\u00e4lp med att \u00f6vers\u00e4tta andra slags texter fr\u00e5n svenska till engelska \u00e4r du v\u00e4lkommen att kontakta v\u00e5r firma English Law Translations &#8211; ELT, som \u00e4r specialiserad p\u00e5 juridiska och finansiella texter. Bes\u00f6k ELT p\u00e5&nbsp;www.elt.se Offertf\u00f6rfr\u00e5gan:\" \/>\n<meta property=\"og:url\" content=\"https:\/\/www.betygochintyg.se\/index.php\/juridiska-finansiella-allmanna-texter\/\" \/>\n<meta property=\"og:site_name\" content=\"Auktoriserade \u00f6vers\u00e4ttningar\" \/>\n<meta property=\"article:modified_time\" content=\"2023-09-14T12:20:58+00:00\" \/>\n<meta property=\"og:image\" content=\"https:\/\/www.betygochintyg.se\/wp-content\/uploads\/2023\/08\/ELTlogo2-f.CMYK_.jpg\" \/>\n<meta name=\"twitter:card\" content=\"summary_large_image\" \/>\n<meta name=\"twitter:label1\" content=\"Ber\u00e4knad l\u00e4stid\" \/>\n\t<meta name=\"twitter:data1\" content=\"1 minut\" \/>\n<script type=\"application\/ld+json\" class=\"yoast-schema-graph\">{\"@context\":\"https:\/\/schema.org\",\"@graph\":[{\"@type\":\"WebPage\",\"@id\":\"https:\/\/www.betygochintyg.se\/index.php\/juridiska-finansiella-allmanna-texter\/\",\"url\":\"https:\/\/www.betygochintyg.se\/index.php\/juridiska-finansiella-allmanna-texter\/\",\"name\":\"Juridiska\/Finansiella\/Allm\u00e4nna texter - Auktoriserade \u00f6vers\u00e4ttningar\",\"isPartOf\":{\"@id\":\"https:\/\/www.betygochintyg.se\/#website\"},\"primaryImageOfPage\":{\"@id\":\"https:\/\/www.betygochintyg.se\/index.php\/juridiska-finansiella-allmanna-texter\/#primaryimage\"},\"image\":{\"@id\":\"https:\/\/www.betygochintyg.se\/index.php\/juridiska-finansiella-allmanna-texter\/#primaryimage\"},\"thumbnailUrl\":\"https:\/\/www.betygochintyg.se\/wp-content\/uploads\/2023\/08\/ELTlogo2-f.CMYK_.jpg\",\"datePublished\":\"2023-08-08T13:37:09+00:00\",\"dateModified\":\"2023-09-14T12:20:58+00:00\",\"breadcrumb\":{\"@id\":\"https:\/\/www.betygochintyg.se\/index.php\/juridiska-finansiella-allmanna-texter\/#breadcrumb\"},\"inLanguage\":\"sv-SE\",\"potentialAction\":[{\"@type\":\"ReadAction\",\"target\":[\"https:\/\/www.betygochintyg.se\/index.php\/juridiska-finansiella-allmanna-texter\/\"]}]},{\"@type\":\"ImageObject\",\"inLanguage\":\"sv-SE\",\"@id\":\"https:\/\/www.betygochintyg.se\/index.php\/juridiska-finansiella-allmanna-texter\/#primaryimage\",\"url\":\"https:\/\/www.betygochintyg.se\/wp-content\/uploads\/2023\/08\/ELTlogo2-f.CMYK_.jpg\",\"contentUrl\":\"https:\/\/www.betygochintyg.se\/wp-content\/uploads\/2023\/08\/ELTlogo2-f.CMYK_.jpg\",\"width\":300,\"height\":343},{\"@type\":\"BreadcrumbList\",\"@id\":\"https:\/\/www.betygochintyg.se\/index.php\/juridiska-finansiella-allmanna-texter\/#breadcrumb\",\"itemListElement\":[{\"@type\":\"ListItem\",\"position\":1,\"name\":\"Hem\",\"item\":\"https:\/\/www.betygochintyg.se\/\"},{\"@type\":\"ListItem\",\"position\":2,\"name\":\"Juridiska\/Finansiella\/Allm\u00e4nna texter\"}]},{\"@type\":\"WebSite\",\"@id\":\"https:\/\/www.betygochintyg.se\/#website\",\"url\":\"https:\/\/www.betygochintyg.se\/\",\"name\":\"Auktoriserade \u00f6vers\u00e4ttningar\",\"description\":\"\",\"publisher\":{\"@id\":\"https:\/\/www.betygochintyg.se\/#organization\"},\"potentialAction\":[{\"@type\":\"SearchAction\",\"target\":{\"@type\":\"EntryPoint\",\"urlTemplate\":\"https:\/\/www.betygochintyg.se\/?s={search_term_string}\"},\"query-input\":{\"@type\":\"PropertyValueSpecification\",\"valueRequired\":true,\"valueName\":\"search_term_string\"}}],\"inLanguage\":\"sv-SE\"},{\"@type\":\"Organization\",\"@id\":\"https:\/\/www.betygochintyg.se\/#organization\",\"name\":\"Auktoriserade \u00f6vers\u00e4ttningar\",\"url\":\"https:\/\/www.betygochintyg.se\/\",\"logo\":{\"@type\":\"ImageObject\",\"inLanguage\":\"sv-SE\",\"@id\":\"https:\/\/www.betygochintyg.se\/#\/schema\/logo\/image\/\",\"url\":\"https:\/\/www.betygochintyg.se\/wp-content\/uploads\/2023\/07\/left.gif\",\"contentUrl\":\"https:\/\/www.betygochintyg.se\/wp-content\/uploads\/2023\/07\/left.gif\",\"width\":125,\"height\":169,\"caption\":\"Auktoriserade \u00f6vers\u00e4ttningar\"},\"image\":{\"@id\":\"https:\/\/www.betygochintyg.se\/#\/schema\/logo\/image\/\"}}]}<\/script>\n<!-- \/ Yoast SEO plugin. -->","yoast_head_json":{"title":"Juridiska\/Finansiella\/Allm\u00e4nna texter - Auktoriserade \u00f6vers\u00e4ttningar","robots":{"index":"index","follow":"follow","max-snippet":"max-snippet:-1","max-image-preview":"max-image-preview:large","max-video-preview":"max-video-preview:-1"},"canonical":"https:\/\/www.betygochintyg.se\/index.php\/juridiska-finansiella-allmanna-texter\/","og_locale":"sv_SE","og_type":"article","og_title":"Juridiska\/Finansiella\/Allm\u00e4nna texter - Auktoriserade \u00f6vers\u00e4ttningar","og_description":"V\u00e5ra \u00f6vers\u00e4ttningstj\u00e4nster: \u00d6vers\u00e4ttning av juridiska\/finansiella\/allm\u00e4nna texter Beh\u00f6ver du hj\u00e4lp med att \u00f6vers\u00e4tta andra slags texter fr\u00e5n svenska till engelska \u00e4r du v\u00e4lkommen att kontakta v\u00e5r firma English Law Translations &#8211; ELT, som \u00e4r specialiserad p\u00e5 juridiska och finansiella texter. Bes\u00f6k ELT p\u00e5&nbsp;www.elt.se Offertf\u00f6rfr\u00e5gan:","og_url":"https:\/\/www.betygochintyg.se\/index.php\/juridiska-finansiella-allmanna-texter\/","og_site_name":"Auktoriserade \u00f6vers\u00e4ttningar","article_modified_time":"2023-09-14T12:20:58+00:00","og_image":[{"url":"https:\/\/www.betygochintyg.se\/wp-content\/uploads\/2023\/08\/ELTlogo2-f.CMYK_.jpg"}],"twitter_card":"summary_large_image","twitter_misc":{"Ber\u00e4knad l\u00e4stid":"1 minut"},"schema":{"@context":"https:\/\/schema.org","@graph":[{"@type":"WebPage","@id":"https:\/\/www.betygochintyg.se\/index.php\/juridiska-finansiella-allmanna-texter\/","url":"https:\/\/www.betygochintyg.se\/index.php\/juridiska-finansiella-allmanna-texter\/","name":"Juridiska\/Finansiella\/Allm\u00e4nna texter - Auktoriserade \u00f6vers\u00e4ttningar","isPartOf":{"@id":"https:\/\/www.betygochintyg.se\/#website"},"primaryImageOfPage":{"@id":"https:\/\/www.betygochintyg.se\/index.php\/juridiska-finansiella-allmanna-texter\/#primaryimage"},"image":{"@id":"https:\/\/www.betygochintyg.se\/index.php\/juridiska-finansiella-allmanna-texter\/#primaryimage"},"thumbnailUrl":"https:\/\/www.betygochintyg.se\/wp-content\/uploads\/2023\/08\/ELTlogo2-f.CMYK_.jpg","datePublished":"2023-08-08T13:37:09+00:00","dateModified":"2023-09-14T12:20:58+00:00","breadcrumb":{"@id":"https:\/\/www.betygochintyg.se\/index.php\/juridiska-finansiella-allmanna-texter\/#breadcrumb"},"inLanguage":"sv-SE","potentialAction":[{"@type":"ReadAction","target":["https:\/\/www.betygochintyg.se\/index.php\/juridiska-finansiella-allmanna-texter\/"]}]},{"@type":"ImageObject","inLanguage":"sv-SE","@id":"https:\/\/www.betygochintyg.se\/index.php\/juridiska-finansiella-allmanna-texter\/#primaryimage","url":"https:\/\/www.betygochintyg.se\/wp-content\/uploads\/2023\/08\/ELTlogo2-f.CMYK_.jpg","contentUrl":"https:\/\/www.betygochintyg.se\/wp-content\/uploads\/2023\/08\/ELTlogo2-f.CMYK_.jpg","width":300,"height":343},{"@type":"BreadcrumbList","@id":"https:\/\/www.betygochintyg.se\/index.php\/juridiska-finansiella-allmanna-texter\/#breadcrumb","itemListElement":[{"@type":"ListItem","position":1,"name":"Hem","item":"https:\/\/www.betygochintyg.se\/"},{"@type":"ListItem","position":2,"name":"Juridiska\/Finansiella\/Allm\u00e4nna texter"}]},{"@type":"WebSite","@id":"https:\/\/www.betygochintyg.se\/#website","url":"https:\/\/www.betygochintyg.se\/","name":"Auktoriserade \u00f6vers\u00e4ttningar","description":"","publisher":{"@id":"https:\/\/www.betygochintyg.se\/#organization"},"potentialAction":[{"@type":"SearchAction","target":{"@type":"EntryPoint","urlTemplate":"https:\/\/www.betygochintyg.se\/?s={search_term_string}"},"query-input":{"@type":"PropertyValueSpecification","valueRequired":true,"valueName":"search_term_string"}}],"inLanguage":"sv-SE"},{"@type":"Organization","@id":"https:\/\/www.betygochintyg.se\/#organization","name":"Auktoriserade \u00f6vers\u00e4ttningar","url":"https:\/\/www.betygochintyg.se\/","logo":{"@type":"ImageObject","inLanguage":"sv-SE","@id":"https:\/\/www.betygochintyg.se\/#\/schema\/logo\/image\/","url":"https:\/\/www.betygochintyg.se\/wp-content\/uploads\/2023\/07\/left.gif","contentUrl":"https:\/\/www.betygochintyg.se\/wp-content\/uploads\/2023\/07\/left.gif","width":125,"height":169,"caption":"Auktoriserade \u00f6vers\u00e4ttningar"},"image":{"@id":"https:\/\/www.betygochintyg.se\/#\/schema\/logo\/image\/"}}]}},"_links":{"self":[{"href":"https:\/\/www.betygochintyg.se\/index.php\/wp-json\/wp\/v2\/pages\/73","targetHints":{"allow":["GET"]}}],"collection":[{"href":"https:\/\/www.betygochintyg.se\/index.php\/wp-json\/wp\/v2\/pages"}],"about":[{"href":"https:\/\/www.betygochintyg.se\/index.php\/wp-json\/wp\/v2\/types\/page"}],"author":[{"embeddable":true,"href":"https:\/\/www.betygochintyg.se\/index.php\/wp-json\/wp\/v2\/users\/1"}],"replies":[{"embeddable":true,"href":"https:\/\/www.betygochintyg.se\/index.php\/wp-json\/wp\/v2\/comments?post=73"}],"version-history":[{"count":3,"href":"https:\/\/www.betygochintyg.se\/index.php\/wp-json\/wp\/v2\/pages\/73\/revisions"}],"predecessor-version":[{"id":107,"href":"https:\/\/www.betygochintyg.se\/index.php\/wp-json\/wp\/v2\/pages\/73\/revisions\/107"}],"wp:attachment":[{"href":"https:\/\/www.betygochintyg.se\/index.php\/wp-json\/wp\/v2\/media?parent=73"}],"curies":[{"name":"wp","href":"https:\/\/api.w.org\/{rel}","templated":true}]}}